{"id":36,"date":"2018-10-27T12:04:28","date_gmt":"2018-10-27T10:04:28","guid":{"rendered":"http:\/\/www.rotenburg-immobilien.de\/immo\/?page_id=36"},"modified":"2019-04-07T20:11:27","modified_gmt":"2019-04-07T18:11:27","slug":"datenschutz","status":"publish","type":"page","link":"https:\/\/www.rotenburg-immobilien.de\/immo\/datenschutz\/","title":{"rendered":"DATENSCHUTZ"},"content":{"rendered":"<p>\n    <H1>Datenschutzerkl\u00e4rung<\/H1>\n<\/p>\n<p>\n    Wir sichern Ihnen hiermit zu, dass wir bei der Erhebung, Verarbeitung und<br \/>\n    Nutzung Ihrer personenbezogenen Daten die gesetzlichen Vorschriften<br \/>\n    beachten. Nachfolgenden Ausf\u00fchrungen entnehmen Sie bitte die Informationen,<br \/>\n    welche Daten erfasst und wie diese genutzt werden:\n<\/p>\n<p><h2>1. Datenschutz auf einen Blick<\/h2>\n<\/p>\n<p>\n    <strong>Allgemeine Hinweise<\/strong>\n<\/p>\n<p>\n    Die folgenden Hinweise geben einen einfachen \u00dcberblick dar\u00fcber, was mit<br \/>\n    Ihren personenbezogenen Daten passiert, wenn Sie unsere Website besuchen.<br \/>\n    Personenbezogene Daten sind alle Daten, mit denen Sie pers\u00f6nlich<br \/>\n    identifiziert werden k\u00f6nnen. Ausf\u00fchrliche Informationen zum Thema<br \/>\n    Datenschutz entnehmen Sie unserer unter diesem Text aufgef\u00fchrten<br \/>\n    Datenschutzerkl\u00e4rung.\n<\/p>\n<p>\n    <strong>Datenerfassung auf unserer Website<\/strong>\n<\/p>\n<p>\n    Wer ist verantwortlich f\u00fcr die Datenerfassung auf dieser Website?\n<\/p>\n<p>\n    Die Datenverarbeitung auf dieser Website erfolgt durch den<br \/>\n    Websitebetreiber. Dessen Kontaktdaten k\u00f6nnen Sie dem Impressum dieser<br \/>\n    Website entnehmen.\n<\/p>\n<p>\n    <strong>Wie erfassen wir Ihre Daten?<\/strong>\n<\/p>\n<p>\n    Ihre Daten werden zum einen dadurch erhoben, dass Sie uns diese mitteilen.<br \/>\n    Hierbei kann es sich z.B. um Daten handeln, die Sie in ein Kontaktformular<br \/>\n    eingeben.\n<\/p>\n<p>\n    Andere Daten werden automatisch beim Besuch der Website durch unsere<br \/>\n    IT-Systeme erfasst. Das sind vor allem technische Daten (z.B.<br \/>\n    Internetbrowser, Betriebssystem oder Uhrzeit des Seitenaufrufs). Die<br \/>\n    Erfassung dieser Daten erfolgt automatisch, sobald Sie unsere Website<br \/>\n    betreten.\n<\/p>\n<p>\n    <strong>Wof\u00fcr nutzen wir Ihre Daten?<\/strong>\n<\/p>\n<p>\n    Ein Teil der Daten wird erhoben, um eine fehlerfreie Bereitstellung der<br \/>\n    Website zu gew\u00e4hrleisten. Andere Daten k\u00f6nnen zur Analyse Ihres<br \/>\n    Nutzerverhaltens verwendet werden.\n<\/p>\n<p>\n    <strong>Welche Rechte haben Sie bez\u00fcglich Ihrer Daten?<\/strong>\n<\/p>\n<p>\n    Sie haben jederzeit das Recht unentgeltlich Auskunft \u00fcber Herkunft,<br \/>\n    Empf\u00e4nger und Zweck Ihrer gespeicherten personenbezogenen Daten zu<br \/>\n    erhalten. Sie haben au\u00dferdem ein Recht, die Berichtigung, Sperrung oder<br \/>\n    L\u00f6schung dieser Daten zu verlangen. Hierzu sowie zu weiteren Fragen zum<br \/>\n    Thema Datenschutz k\u00f6nnen Sie sich jederzeit unter der im Impressum<br \/>\n    angegebenen Adresse an uns wenden. Des Weiteren steht Ihnen ein<br \/>\n    Beschwerderecht bei der zust\u00e4ndigen Aufsichtsbeh\u00f6rde zu.\n<\/p>\n<p><h2>2. Allgemeine Hinweise und Pflichtinformationen<\/h2>\n<\/p>\n<p>\n    <strong>Datenschutz<\/strong>\n<\/p>\n<p>\n    Die Betreiber dieser Seiten nehmen den Schutz Ihrer pers\u00f6nlichen Daten sehr<br \/>\n    ernst. Wir behandeln Ihre personenbezogenen Daten vertraulich und<br \/>\n    entsprechend der gesetzlichen Datenschutzvorschriften sowie dieser<br \/>\n    Datenschutzerkl\u00e4rung.\n<\/p>\n<p>\n    Wenn Sie diese Website benutzen, werden verschiedene personenbezogene Daten<br \/>\n    erhoben. Personenbezogene Daten sind Daten, mit denen Sie pers\u00f6nlich<br \/>\n    identifiziert werden k\u00f6nnen. Die vorliegende Datenschutzerkl\u00e4rung<br \/>\n    erl\u00e4utert, welche Daten wir erheben und wof\u00fcr wir sie nutzen. Sie erl\u00e4utert<br \/>\n    auch, wie und zu welchem Zweck das geschieht.\n<\/p>\n<p>\n    Wir weisen darauf hin, dass die Daten\u00fcbertragung im Internet (z.B. bei der<br \/>\n    Kommunikation per E-Mail) Sicherheitsl\u00fccken aufweisen kann. Ein l\u00fcckenloser<br \/>\n    Schutz der Daten vor dem Zugriff durch Dritte ist nicht m\u00f6glich.\n<\/p>\n<p>\n    Hinweis zur verantwortlichen Stelle\n<\/p>\n<p>\n    Die verantwortliche Stelle f\u00fcr die Datenverarbeitung auf dieser Website<br \/>\n    ist:\n<\/p>\n<p>\n    Dipl.-Ing. Stefani Schneider<br \/>\n    Untertor 7<br \/>\n    36199 Rotenburg an der Fulda\n<\/p>\n<p>\n    Telefon 06623 \/ 914 23 10<br \/>\n    Email: schneider@rotenburg-immobilien.de\n<\/p>\n<p>\n    <strong>Widerruf Ihrer Einwilligung zur Datenverarbeitung<\/strong>\n<\/p>\n<p>\n    Viele Datenverarbeitungsvorg\u00e4nge sind nur mit Ihrer ausdr\u00fccklichen<br \/>\n    Einwilligung m\u00f6glich. Sie k\u00f6nnen eine bereits erteilte Einwilligung<br \/>\n    jederzeit widerrufen. Dazu reicht eine formlose Mitteilung per E-Mail an<br \/>\n    uns. Die Rechtm\u00e4\u00dfigkeit der bis zum Widerruf erfolgten Datenverarbeitung<br \/>\n    bleibt vom Widerruf unber\u00fchrt.\n<\/p>\n<p>\n    <strong>Beschwerderecht bei der zust\u00e4ndigen Aufsichtsbeh\u00f6rde<\/strong>\n<\/p>\n<p>\n    Im Falle datenschutzrechtlicher Verst\u00f6\u00dfe steht dem Betroffenen ein<br \/>\n    Beschwerderecht bei der zust\u00e4ndigen Aufsichtsbeh\u00f6rde zu. Zust\u00e4ndige<br \/>\n    Aufsichtsbeh\u00f6rde in datenschutzrechtlichen Fragen ist der<br \/>\n    Landesdatenschutzbeauftragte des Bundeslandes, in dem unser Unternehmen<br \/>\n    seinen Sitz hat. Eine Liste der Datenschutzbeauftragten sowie deren<br \/>\n    Kontaktdaten k\u00f6nnen folgendem Link entnommen werden:<\/p>\n<p>https:\/\/www.bfdi.bund.de\/DE\/Infothek\/Anschriften_Links\/anschriften_links-node.html.<\/p>\n<p>\n    <strong>Recht auf Daten\u00fcbertragbarkeit<\/strong>\n<\/p>\n<p>\n    Sie haben das Recht, Daten, die wir auf Grundlage Ihrer Einwilligung oder<br \/>\n    in Erf\u00fcllung eines Vertrags automatisiert verarbeiten, an sich oder an<br \/>\n    einen Dritten in einem g\u00e4ngigen, maschinenlesbaren Format aush\u00e4ndigen zu<br \/>\n    lassen. Sofern Sie die direkte \u00dcbertragung der Daten an einen anderen<br \/>\n    Verantwortlichen verlangen, erfolgt dies nur, soweit es technisch machbar<br \/>\n    ist.\n<\/p>\n<p>\n    <strong>Auskunft, Sperrung, L\u00f6schung<\/strong>\n<\/p>\n<p>\n    Sie haben im Rahmen der geltenden gesetzlichen Bestimmungen jederzeit das<br \/>\n    Recht auf unentgeltliche Auskunft \u00fcber Ihre gespeicherten personenbezogenen<br \/>\n    Daten, deren Herkunft und Empf\u00e4nger und den Zweck der Datenverarbeitung und<br \/>\n    ggf. ein Recht auf Berichtigung, Sperrung oder L\u00f6schung dieser Daten.<br \/>\n    Hierzu sowie zu weiteren Fragen zum Thema personenbezogene Daten k\u00f6nnen Sie<br \/>\n    sich jederzeit unter der im Impressum angegebenen Adresse an uns wenden.\n<\/p>\n<p>\n    <strong>Widerspruch gegen Werbe-Mails<\/strong>\n<\/p>\n<p>\n    Der Nutzung von im Rahmen der Impressumspflicht ver\u00f6ffentlichten<br \/>\n    Kontaktdaten zur \u00dcbersendung von nicht ausdr\u00fccklich angeforderter Werbung<br \/>\n    und Informationsmaterialien wird hiermit widersprochen. Die Betreiber der<br \/>\n    Seiten behalten sich ausdr\u00fccklich rechtliche Schritte im Falle der<br \/>\n    unverlangten Zusendung von Werbeinformationen, etwa durch Spam-E-Mails,<br \/>\n    vor.\n<\/p>\n<p><h2>3. Datenschutzbeauftragter<\/h2>\n<\/p>\n<p>\n    Ein gesetzlich vorgeschriebener Datenschutzbeauftragter wurde bestellt:\n<\/p>\n<p>\n    Dipl.-Ing. Stefani Schneider<br \/>\n    Untertor 7<br \/>\n    36199 Rotenburg an der Fulda\n<\/p>\n<p>\n    Telefon 06623 \/ 914 23 10<br \/>\n    Email: schneider@rotenburg-immobilien.de\n<\/p>\n<p><h2>4. Datenerfassung auf unserer Website<\/h2>\n<\/p>\n<p>\n    <strong>Server-Log-Dateien<\/strong>\n<\/p>\n<p>\n    Der Provider der Seiten erhebt und speichert automatisch Informationen in<br \/>\n    so genannten Server-Log-Dateien, die Ihr Browser automatisch an uns<br \/>\n    \u00fcbermittelt. Dies sind:<\/p>\n<ul>\n<li>Browsertyp und Browserversion<\/li>\n<li>verwendetes Betriebssystem<\/li>\n<li>Referrer URL<\/li>\n<li>Hostname des zugreifenden Rechners<\/li>\n<li>Uhrzeit der Serveranfrage<\/li>\n<li>IP-Adresse<\/li>\n<p>\n    Eine Zusammenf\u00fchrung dieser Daten mit anderen Datenquellen wird nicht<br \/>\n    vorgenommen.\n<\/p>\n<p>\n    Grundlage f\u00fcr die Datenverarbeitung ist Art. 6 Abs. 1 lit. f DSGVO, der die<br \/>\n    Verarbeitung von Daten zur Erf\u00fcllung eines Vertrags oder vorvertraglicher<br \/>\n    Ma\u00dfnahmen gestattet.\n<\/p>\n<p>\n    <strong>Kontaktformular<\/strong>\n<\/p>\n<p>\n    Wenn Sie uns per Kontaktformular Anfragen zukommen lassen, werden Ihre<br \/>\n    Angaben aus dem Anfrageformular inklusive der von Ihnen dort angegebenen<br \/>\n    Kontaktdaten zwecks Bearbeitung der Anfrage und f\u00fcr den Fall von<br \/>\n    Anschlussfragen bei uns gespeichert. Diese Daten geben wir nicht ohne Ihre<br \/>\n    Einwilligung weiter.\n<\/p>\n<p>\n    Die Verarbeitung der in das Kontaktformular eingegebenen Daten erfolgt<br \/>\n    somit ausschlie\u00dflich auf Grundlage Ihrer Einwilligung (Art. 6 Abs. 1 lit. a<br \/>\n    DSGVO). Sie k\u00f6nnen diese Einwilligung jederzeit widerrufen. Dazu reicht<br \/>\n    eine formlose Mitteilung per E-Mail an uns. Die Rechtm\u00e4\u00dfigkeit der bis zum<br \/>\n    Widerruf erfolgten Datenverarbeitungsvorg\u00e4nge bleibt vom Widerruf<br \/>\n    unber\u00fchrt.\n<\/p>\n<p>\n    Die von Ihnen im Kontaktformular eingegebenen Daten verbleiben bei uns, bis<br \/>\n    Sie uns zur L\u00f6schung auffordern, Ihre Einwilligung zur Speicherung<br \/>\n    widerrufen oder der Zweck f\u00fcr die Datenspeicherung entf\u00e4llt (z.B. nach<br \/>\n    abgeschlossener Bearbeitung Ihrer Anfrage). Zwingende gesetzliche<br \/>\n    Bestimmungen \u2013 insbesondere Aufbewahrungsfristen \u2013 bleiben unber\u00fchrt.\n<\/p>\n<p><h2>5. Google Dienste<\/h2>\n<\/p>\n<p>\n    <strong>Google Web Fonts<\/strong>\n<\/p>\n<p>\n    Diese Seite nutzt zur einheitlichen Darstellung von Schriftarten so<br \/>\n    genannte Web Fonts, die von Google bereitgestellt werden. Beim Aufruf einer<br \/>\n    Seite l\u00e4dt Ihr Browser die ben\u00f6tigten Web Fonts in ihren Browsercache, um<br \/>\n    Texte und Schriftarten korrekt anzuzeigen.\n<\/p>\n<p>\n    Zu diesem Zweck muss der von Ihnen verwendete Browser Verbindung zu den<br \/>\n    Servern von Google aufnehmen. Hierdurch erlangt Google Kenntnis dar\u00fcber,<br \/>\n    dass \u00fcber Ihre IP-Adresse unsere Website aufgerufen wurde. Die Nutzung von<br \/>\n    Google Web Fonts erfolgt im Interesse einer einheitlichen und ansprechenden<br \/>\n    Darstellung unserer Online-Angebote. Dies stellt ein berechtigtes Interesse<br \/>\n    im Sinne von Art. 6 Abs. 1 lit. f DSGVO dar.\n<\/p>\n<p>\n    Wenn Ihr Browser Web Fonts nicht unterst\u00fctzt, wird eine Standardschrift von<br \/>\n    Ihrem Computer genutzt.\n<\/p>\n<p>\n    Weitere Informationen zu Google Web Fonts finden Sie unter<br \/>\n    https:\/\/developers.google.com\/fonts\/faq und in der Datenschutzerkl\u00e4rung von<br \/>\n    Google: https:\/\/www.google.com\/policies\/privacy\/.<\/p>\n","protected":false},"excerpt":{"rendered":"<p>Datenschutzerkl\u00e4rung Wir sichern Ihnen hiermit zu, dass wir bei der Erhebung, Verarbeitung und Nutzung Ihrer personenbezogenen Daten die gesetzlichen Vorschriften beachten. Nachfolgenden Ausf\u00fchrungen entnehmen Sie bitte die Informationen, welche Daten erfasst und wie diese genutzt werden: 1. Datenschutz auf einen Blick Allgemeine Hinweise Die folgenden Hinweise geben einen einfachen \u00dcberblick dar\u00fcber, was mit Ihren personenbezogenen [&hellip;]<\/p>\n","protected":false},"author":1,"featured_media":0,"parent":0,"menu_order":0,"comment_status":"closed","ping_status":"closed","template":"page-templates\/full-width.php","meta":[],"_links":{"self":[{"href":"https:\/\/www.rotenburg-immobilien.de\/immo\/wp-json\/wp\/v2\/pages\/36"}],"collection":[{"href":"https:\/\/www.rotenburg-immobilien.de\/immo\/wp-json\/wp\/v2\/pages"}],"about":[{"href":"https:\/\/www.rotenburg-immobilien.de\/immo\/wp-json\/wp\/v2\/types\/page"}],"author":[{"embeddable":true,"href":"https:\/\/www.rotenburg-immobilien.de\/immo\/wp-json\/wp\/v2\/users\/1"}],"replies":[{"embeddable":true,"href":"https:\/\/www.rotenburg-immobilien.de\/immo\/wp-json\/wp\/v2\/comments?post=36"}],"version-history":[{"count":4,"href":"https:\/\/www.rotenburg-immobilien.de\/immo\/wp-json\/wp\/v2\/pages\/36\/revisions"}],"predecessor-version":[{"id":248,"href":"https:\/\/www.rotenburg-immobilien.de\/immo\/wp-json\/wp\/v2\/pages\/36\/revisions\/248"}],"wp:attachment":[{"href":"https:\/\/www.rotenburg-immobilien.de\/immo\/wp-json\/wp\/v2\/media?parent=36"}],"curies":[{"name":"wp","href":"https:\/\/api.w.org\/{rel}","templated":true}]}}