{"id":48,"date":"2018-10-27T12:16:03","date_gmt":"2018-10-27T10:16:03","guid":{"rendered":"http:\/\/www.rotenburg-immobilien.de\/immo\/?page_id=48"},"modified":"2018-10-27T14:36:49","modified_gmt":"2018-10-27T12:36:49","slug":"stefani-schneider","status":"publish","type":"page","link":"https:\/\/www.rotenburg-immobilien.de\/immo\/stefani-schneider\/","title":{"rendered":"STEFANI SCHNEIDER"},"content":{"rendered":"<p><a href=\"https:\/\/www.rotenburg-immobilien.de\/immo\/wp-content\/uploads\/dipl-ing-stefani-schneider-start.jpg\"><img decoding=\"async\" loading=\"lazy\" class=\"alignnone  wp-image-154\" alt=\"dipl-ing-stefani-schneider-start\" src=\"https:\/\/www.rotenburg-immobilien.de\/immo\/wp-content\/uploads\/dipl-ing-stefani-schneider-start.jpg\" width=\"300\" height=\"150\" \/><\/a><\/p>\n<p>Ich wurde in Rotenburg geboren, bin verheiratet und habe 3 Kinder.<\/p>\n<p>Nach dem Architekturstudium in Darmstadt, Mexico und Dortmund arbeitete ich mehrere Jahre in verschiedenen Architekturb\u00fcros in M\u00fcnster, Berlin, M\u00fcnchen und Spangenberg.<\/p>\n<p>Im Jahr 2013 gr\u00fcndete ich ROTENBURG IMMOBILIEN um als Immobilienmaklerin und Architektin selbst\u00e4ndig t\u00e4tig zu sein.<\/p>\n","protected":false},"excerpt":{"rendered":"<p>Ich wurde in Rotenburg geboren, bin verheiratet und habe 3 Kinder. Nach dem Architekturstudium in Darmstadt, Mexico und Dortmund arbeitete ich mehrere Jahre in verschiedenen Architekturb\u00fcros in M\u00fcnster, Berlin, M\u00fcnchen und Spangenberg. Im Jahr 2013 gr\u00fcndete ich ROTENBURG IMMOBILIEN um als Immobilienmaklerin und Architektin selbst\u00e4ndig t\u00e4tig zu sein.<\/p>\n","protected":false},"author":1,"featured_media":0,"parent":0,"menu_order":0,"comment_status":"closed","ping_status":"closed","template":"page-templates\/full-width.php","meta":[],"_links":{"self":[{"href":"https:\/\/www.rotenburg-immobilien.de\/immo\/wp-json\/wp\/v2\/pages\/48"}],"collection":[{"href":"https:\/\/www.rotenburg-immobilien.de\/immo\/wp-json\/wp\/v2\/pages"}],"about":[{"href":"https:\/\/www.rotenburg-immobilien.de\/immo\/wp-json\/wp\/v2\/types\/page"}],"author":[{"embeddable":true,"href":"https:\/\/www.rotenburg-immobilien.de\/immo\/wp-json\/wp\/v2\/users\/1"}],"replies":[{"embeddable":true,"href":"https:\/\/www.rotenburg-immobilien.de\/immo\/wp-json\/wp\/v2\/comments?post=48"}],"version-history":[{"count":2,"href":"https:\/\/www.rotenburg-immobilien.de\/immo\/wp-json\/wp\/v2\/pages\/48\/revisions"}],"predecessor-version":[{"id":56,"href":"https:\/\/www.rotenburg-immobilien.de\/immo\/wp-json\/wp\/v2\/pages\/48\/revisions\/56"}],"wp:attachment":[{"href":"https:\/\/www.rotenburg-immobilien.de\/immo\/wp-json\/wp\/v2\/media?parent=48"}],"curies":[{"name":"wp","href":"https:\/\/api.w.org\/{rel}","templated":true}]}}