{"id":50,"date":"2018-10-27T12:21:36","date_gmt":"2018-10-27T10:21:36","guid":{"rendered":"http:\/\/www.rotenburg-immobilien.de\/immo\/?page_id=50"},"modified":"2018-10-27T12:23:31","modified_gmt":"2018-10-27T10:23:31","slug":"architektur","status":"publish","type":"page","link":"https:\/\/www.rotenburg-immobilien.de\/immo\/architektur\/","title":{"rendered":"ARCHITEKTUR"},"content":{"rendered":"<h3>Architektur<\/h3>\n<p>Als Architektin biete ich an:<\/p>\n<ul>\n<li>Bauplanung, Bauantragstellung<\/li>\n<li>Grundri\u00dfoptimierung<\/li>\n<li>M\u00f6glichkeiten eines Anbaus<\/li>\n<li>Dachgescho\u00dfausbau<\/li>\n<li>Machbarkeitsstudien<\/li>\n<li>Umnutzungskonzept<\/li>\n<li>Materialkonzept<\/li>\n<li>Badsanierung<\/li>\n<\/ul>\n<p><a href=\"https:\/\/www.rotenburg-immobilien.de\/immobilienmakler\/wp-content\/uploads\/vorher_nachher.jpg\"><img decoding=\"async\" loading=\"lazy\" class=\"alignnone size-full wp-image-563\" alt=\"vorher_nachher\" src=\"https:\/\/www.rotenburg-immobilien.de\/immobilienmakler\/wp-content\/uploads\/vorher_nachher.jpg\" width=\"500\" height=\"250\" \/><\/a><\/p>\n<div style=\"width: 255px;float: left;\">vorher<\/div>\n<div>nachhher<\/div>\n","protected":false},"excerpt":{"rendered":"<p>Architektur Als Architektin biete ich an: Bauplanung, Bauantragstellung Grundri\u00dfoptimierung M\u00f6glichkeiten eines Anbaus Dachgescho\u00dfausbau Machbarkeitsstudien Umnutzungskonzept Materialkonzept Badsanierung vorher nachhher<\/p>\n","protected":false},"author":1,"featured_media":0,"parent":0,"menu_order":0,"comment_status":"closed","ping_status":"closed","template":"page-templates\/full-width.php","meta":[],"_links":{"self":[{"href":"https:\/\/www.rotenburg-immobilien.de\/immo\/wp-json\/wp\/v2\/pages\/50"}],"collection":[{"href":"https:\/\/www.rotenburg-immobilien.de\/immo\/wp-json\/wp\/v2\/pages"}],"about":[{"href":"https:\/\/www.rotenburg-immobilien.de\/immo\/wp-json\/wp\/v2\/types\/page"}],"author":[{"embeddable":true,"href":"https:\/\/www.rotenburg-immobilien.de\/immo\/wp-json\/wp\/v2\/users\/1"}],"replies":[{"embeddable":true,"href":"https:\/\/www.rotenburg-immobilien.de\/immo\/wp-json\/wp\/v2\/comments?post=50"}],"version-history":[{"count":1,"href":"https:\/\/www.rotenburg-immobilien.de\/immo\/wp-json\/wp\/v2\/pages\/50\/revisions"}],"predecessor-version":[{"id":51,"href":"https:\/\/www.rotenburg-immobilien.de\/immo\/wp-json\/wp\/v2\/pages\/50\/revisions\/51"}],"wp:attachment":[{"href":"https:\/\/www.rotenburg-immobilien.de\/immo\/wp-json\/wp\/v2\/media?parent=50"}],"curies":[{"name":"wp","href":"https:\/\/api.w.org\/{rel}","templated":true}]}}